{"id":46,"date":"2020-06-15T13:09:25","date_gmt":"2020-06-15T10:09:25","guid":{"rendered":"http:\/\/parthenonmarbles.happydev.gr\/?page_id=46"},"modified":"2021-04-13T17:41:53","modified_gmt":"2021-04-13T14:41:53","slug":"parthenon-timeline","status":"publish","type":"page","link":"https:\/\/parthenon-marbles.com\/de\/parthenon-timeline\/","title":{"rendered":"Parthenon Timeline"},"content":{"rendered":"<div class=\"wpb-content-wrapper\"><p>[vc_row el_id=&#8220;timelinebio&#8220;][vc_column][vc_row_inner][vc_column_inner width=&#8220;1\/2&#8243;][vc_custom_heading text=&#8220;490 v. Chr.&#8220; font_container=&#8220;tag:h4|text_align:right&#8220; use_theme_fonts=&#8220;yes&#8220; css_animation=&#8220;left-to-right&#8220;][\/vc_column_inner][vc_column_inner width=&#8220;1\/2&#8243;][vc_custom_heading text=&#8220;490 v. Chr.&#8220; use_theme_fonts=&#8220;yes&#8220; css_animation=&#8220;none&#8220;][vc_column_text]Unmittelbar nach der historischen Schlacht von Marathon 490 v. Chr. Gegen die Perser beginnen die Athener mit dem Bau des Vorg\u00e4ngers des Parthenon (Pre-Parthenon), um die G\u00f6ttin Athene zu ehren, die ihre Stadt verteidigte und den Sieg brachte. Aber die Perser pl\u00fcnderten 480 v. Chr. Diesen Tempel, der sich im Bau befand und nie fertiggestellt wurde.[\/vc_column_text][\/vc_column_inner][\/vc_row_inner][vc_row_inner][vc_column_inner width=&#8220;1\/2&#8243;][vc_custom_heading text=&#8220;447 &#8211; 438 v. Chr.&#8220; use_theme_fonts=&#8220;yes&#8220; css_animation=&#8220;none&#8220;][vc_column_text]Der Bau des Parthenon beginnt 447 v. Chr. Und endet 438 v. 432 v. Chr. Ist die skulpturale Ornamentik fertiggestellt.[\/vc_column_text][\/vc_column_inner][vc_column_inner width=&#8220;1\/2&#8243;][vc_custom_heading text=&#8220;447 &#8211; 438 v. Chr.&#8220; font_container=&#8220;tag:h4|text_align:left&#8220; use_theme_fonts=&#8220;yes&#8220; css_animation=&#8220;right-to-left&#8220;][\/vc_column_inner][\/vc_row_inner][vc_row_inner][vc_column_inner width=&#8220;1\/2&#8243;][vc_custom_heading text=&#8220;426 v. Chr.&#8220; font_container=&#8220;tag:h4|text_align:right&#8220; use_theme_fonts=&#8220;yes&#8220; css_animation=&#8220;left-to-right&#8220;][\/vc_column_inner][vc_column_inner width=&#8220;1\/2&#8243;][vc_custom_heading text=&#8220;426 v. Chr.&#8220; use_theme_fonts=&#8220;yes&#8220; css_animation=&#8220;none&#8220;][vc_column_text]Nach einem starken Erdbeben im Jahr 426 v. Chr., Das laut Thukydides eines der st\u00e4rksten in der Antike war, wurden erhebliche Sch\u00e4den am Geb\u00e4ude verursacht, da sich ein gro\u00dfer Teil der beiden Fassaden um 2 cm verschob.[\/vc_column_text][\/vc_column_inner][\/vc_row_inner][vc_row_inner][vc_column_inner width=&#8220;1\/2&#8243;][vc_custom_heading text=&#8220;334 v. Chr.&#8220; use_theme_fonts=&#8220;yes&#8220; css_animation=&#8220;none&#8220;][vc_column_text]Alexander der Gro\u00dfe h\u00e4ngt am \u00f6stlichen Architrav Perserschilde, Beute aus der Schlacht von Granicus. W\u00e4hrend der hellenistischen Zeit.[\/vc_column_text][\/vc_column_inner][vc_column_inner width=&#8220;1\/2&#8243;][vc_custom_heading text=&#8220;334 v. Chr.&#8220; font_container=&#8220;tag:h4|text_align:left&#8220; use_theme_fonts=&#8220;yes&#8220; css_animation=&#8220;right-to-left&#8220;][\/vc_column_inner][\/vc_row_inner][vc_row_inner][vc_column_inner width=&#8220;1\/2&#8243;][vc_custom_heading text=&#8220;4-6 Th. n.Chr.&#8220; font_container=&#8220;tag:h4|text_align:right&#8220; use_theme_fonts=&#8220;yes&#8220; css_animation=&#8220;left-to-right&#8220;][\/vc_column_inner][vc_column_inner width=&#8220;1\/2&#8243;][vc_custom_heading text=&#8220;4-6 Th. n.Chr.&#8220; use_theme_fonts=&#8220;yes&#8220; css_animation=&#8220;none&#8220;][vc_column_text el_class=&#8220;time-txt&#8220;]Das Christentum hat in Griechenland einen festen Einfluss und der heidnische Gebrauch des Parthenons wird im 5. n. Chr. Abgeschafft. W\u00e4hrend der Regierungszeit von Justinian finden im Tempel christliche Rituale statt. Parthenons Bekehrung zu einer christlichen Kirche hatte schwerwiegende negative Auswirkungen. Viele der Metopen an der West-, Ost- und Nordseite wurden abgemei\u00dfelt. Au\u00dferdem wurden die gr\u00f6\u00dferen Giebelstatuen in der Mitte des Ostgiebels abgenommen und 6 Bl\u00f6cke des Frieses entfernt, um Fenster zu schaffen. Au\u00dferdem wurde eine Apsis hinzugef\u00fcgt, neue Eing\u00e4nge an der Westseite wurden ge\u00f6ffnet und eine Treppe in der nordwestlichen Ecke der Cella platziert. Der christliche Parthenon ist seit vielen Jahrhunderten der heiligen Sophia und sp\u00e4ter der Jungfrau Maria gewidmet. Sein gebr\u00e4uchlicher Name ist \u201eUnsere Liebe Frau von Athen\u201c.[\/vc_column_text][\/vc_column_inner][\/vc_row_inner][vc_row_inner][vc_column_inner width=&#8220;1\/2&#8243;][vc_custom_heading text=&#8220;1204-1456 n. Chr.&#8220; use_theme_fonts=&#8220;yes&#8220; css_animation=&#8220;none&#8220;][vc_column_text]Die Akropolis steht unter der Kontrolle der Franken, des 4. Kreuzzugs und der Parthenon wird als Kathedrale genutzt. Sp\u00e4ter wurde es mit p\u00e4pstlicher Erlaubnis der Sitz des Erzbischofs der Jungfrau Maria.[\/vc_column_text][\/vc_column_inner][vc_column_inner width=&#8220;1\/2&#8243;][vc_custom_heading text=&#8220;1204-1456 n. Chr.&#8220; font_container=&#8220;tag:h4|text_align:left&#8220; use_theme_fonts=&#8220;yes&#8220; css_animation=&#8220;right-to-left&#8220;][\/vc_column_inner][\/vc_row_inner][vc_row_inner][vc_column_inner width=&#8220;1\/2&#8243;][vc_custom_heading text=&#8220;1456-1460 n. Chr.&#8220; font_container=&#8220;tag:h4|text_align:right&#8220; use_theme_fonts=&#8220;yes&#8220; css_animation=&#8220;left-to-right&#8220;][\/vc_column_inner][vc_column_inner width=&#8220;1\/2&#8243;][vc_custom_heading text=&#8220;1456-1460 n. Chr.&#8220; use_theme_fonts=&#8220;yes&#8220; css_animation=&#8220;none&#8220;][vc_column_text]1456 belagern die Osmanen Athen und werfen die Franken weg. 1458 besucht Mehmed II., Der Eroberer, der auch Konstantinopel entlassen hat, Athen und bewundert seine Denkm\u00e4ler. Nach seiner R\u00fcckkehr vom Peloponnes h\u00e4lt er erneut in Athen an und kurz darauf wird der Parthenon in eine Moschee umgewandelt.[\/vc_column_text][\/vc_column_inner][\/vc_row_inner][vc_row_inner][vc_column_inner width=&#8220;1\/2&#8243;][vc_custom_heading text=&#8220;1687 n. Chr.&#8220; use_theme_fonts=&#8220;yes&#8220; css_animation=&#8220;none&#8220;][vc_column_text]Venezianer belagern Osmanen auf der Akropolis, die im Parthenon gro\u00dfe Mengen Schie\u00dfpulver gelagert hatten. In diesem Wissen schoss Francesco Morosini, der Generalkommandeur der Venezianer, am Abend des 26. September auf den Parthenon. Eine der Granaten drang in das Dach ein und verursachte eine Entz\u00fcndung des Schie\u00dfpulvers und eine Explosion im mittleren Teil des Tempels.[\/vc_column_text][\/vc_column_inner][vc_column_inner width=&#8220;1\/2&#8243;][vc_custom_heading text=&#8220;1687 n. Chr.&#8220; font_container=&#8220;tag:h4|text_align:left&#8220; use_theme_fonts=&#8220;yes&#8220; css_animation=&#8220;right-to-left&#8220;][\/vc_column_inner][\/vc_row_inner][vc_row_inner][vc_column_inner width=&#8220;1\/2&#8243;][vc_custom_heading text=&#8220;1801-1804 n. Chr.&#8220; font_container=&#8220;tag:h4|text_align:right&#8220; use_theme_fonts=&#8220;yes&#8220; css_animation=&#8220;left-to-right&#8220;][\/vc_column_inner][vc_column_inner width=&#8220;1\/2&#8243;][vc_custom_heading text=&#8220;1801-1804 n. Chr.&#8220; use_theme_fonts=&#8220;yes&#8220; css_animation=&#8220;none&#8220;][vc_column_text]Lord Elgins Besatzungen l\u00f6sen gewaltsam 56 Platten des Frieses, 15 seiner Metopen und 19 von 28 Giebelstatuen ab. Sie erhalten auch architektonische Fragmente aus dem Parthenon. Aus dem Propylea, dem Tempel der Athena Nike und dem Erechthium nehmen sie architektonische Teile und Skulpturen. Insbesondere aus dem Erechthium nehmen sie eine der Karyatiden und eine Ionens\u00e4ule. Dieser schmerzhafte Entweihungsprozess h\u00f6rte 1804 nach der Intervention des erhabenen Hafens von Konstantinopel auf.[\/vc_column_text][\/vc_column_inner][\/vc_row_inner][vc_row_inner][vc_column_inner width=&#8220;1\/2&#8243;][vc_custom_heading text=&#8220;1826-1833 n. Chr.&#8220; use_theme_fonts=&#8220;yes&#8220; css_animation=&#8220;none&#8220;][vc_column_text]Unmittelbar nach der historischen Schlacht von Marathon 490 v. Chr. Gegen die Perser beginnen die Athener mit dem Bau des Vorg\u00e4ngers des Parthenon (Pre-Parthenon), um die G\u00f6ttin Athene zu ehren, die ihre Stadt verteidigte und den Sieg brachte. Aber die Perser pl\u00fcnderten 480 v. Chr. Diesen Tempel, der sich im Bau befand und nie fertiggestellt wurde. Es wird auch gesagt, dass es in der archaischen Zeit einen Parthenon gab, aber viele Gelehrte stellen seine Existenz in Frage.[\/vc_column_text][\/vc_column_inner][vc_column_inner width=&#8220;1\/2&#8243;][vc_custom_heading text=&#8220;1826-1833 n. Chr.&#8220; font_container=&#8220;tag:h4|text_align:left&#8220; use_theme_fonts=&#8220;yes&#8220; css_animation=&#8220;right-to-left&#8220;][\/vc_column_inner][\/vc_row_inner][\/vc_column][\/vc_row]<\/p>\n<\/div>","protected":false},"excerpt":{"rendered":"<p>[vc_row el_id=&#8220;timelinebio&#8220;][vc_column][vc_row_inner][vc_column_inner width=&#8220;1\/2&#8243;][vc_custom_heading text=&#8220;490 v. Chr.&#8220; font_container=&#8220;tag:h4|text_align:right&#8220; use_theme_fonts=&#8220;yes&#8220; css_animation=&#8220;left-to-right&#8220;][\/vc_column_inner][vc_column_inner width=&#8220;1\/2&#8243;][vc_custom_heading text=&#8220;490 v. Chr.&#8220; use_theme_fonts=&#8220;yes&#8220; css_animation=&#8220;none&#8220;][vc_column_text]Unmittelbar nach der historischen Schlacht von Marathon 490 v. Chr. Gegen die Perser beginnen die Athener mit dem Bau des Vorg\u00e4ngers des Parthenon (Pre-Parthenon), um die G\u00f6ttin Athene zu ehren, die ihre Stadt verteidigte und den Sieg brachte. Aber die Perser&hellip;<\/p>\n","protected":false},"author":1,"featured_media":0,"parent":0,"menu_order":0,"comment_status":"closed","ping_status":"closed","template":"","meta":{"footnotes":""},"class_list":["post-46","page","type-page","status-publish","hentry","description-off"],"yoast_head":"<!-- This site is optimized with the Yoast SEO plugin v24.4 - https:\/\/yoast.com\/wordpress\/plugins\/seo\/ -->\n<title>Parthenon Timeline - Parthenon Marbles<\/title>\n<meta name=\"robots\" content=\"index, follow, max-snippet:-1, max-image-preview:large, max-video-preview:-1\" \/>\n<link rel=\"canonical\" href=\"https:\/\/parthenon-marbles.com\/de\/parthenon-timeline\/\" \/>\n<meta property=\"og:locale\" content=\"de_DE\" \/>\n<meta property=\"og:locale:alternate\" content=\"en_US\" \/>\n<meta property=\"og:locale:alternate\" content=\"el\" \/>\n<meta property=\"og:type\" content=\"article\" \/>\n<meta property=\"og:title\" content=\"Parthenon Timeline\" \/>\n<meta property=\"og:description\" content=\"[vc_row el_id=&#8220;timelinebio&#8220;][vc_column][vc_row_inner][vc_column_inner width=&#8220;1\/2&#8243;][vc_custom_heading text=&#8220;490 v. Chr.&#8220; font_container=&#8220;tag:h4|text_align:right&#8220; use_theme_fonts=&#8220;yes&#8220; css_animation=&#8220;left-to-right&#8220;][\/vc_column_inner][vc_column_inner width=&#8220;1\/2&#8243;][vc_custom_heading text=&#8220;490 v. Chr.&#8220; use_theme_fonts=&#8220;yes&#8220; css_animation=&#8220;none&#8220;][vc_column_text]Unmittelbar nach der historischen Schlacht von Marathon 490 v. Chr. Gegen die Perser beginnen die Athener mit dem Bau des Vorg\u00e4ngers des Parthenon (Pre-Parthenon), um die G\u00f6ttin Athene zu ehren, die ihre Stadt verteidigte und den Sieg brachte. Aber die Perser&hellip;\" \/>\n<meta property=\"og:url\" content=\"https:\/\/parthenon-marbles.com\/de\/parthenon-timeline\/\" \/>\n<meta property=\"og:site_name\" content=\"Parthenon Marbles\" \/>\n<meta property=\"article:modified_time\" content=\"2021-04-13T14:41:53+00:00\" \/>\n<meta name=\"twitter:card\" content=\"summary_large_image\" \/>\n<meta name=\"twitter:label1\" content=\"Gesch\u00e4tzte Lesezeit\" \/>\n\t<meta name=\"twitter:data1\" content=\"3\u00a0Minuten\" \/>\n<script type=\"application\/ld+json\" class=\"yoast-schema-graph\">{\"@context\":\"https:\/\/schema.org\",\"@graph\":[{\"@type\":\"WebPage\",\"@id\":\"https:\/\/parthenon-marbles.com\/parthenon-timeline\/\",\"url\":\"https:\/\/parthenon-marbles.com\/parthenon-timeline\/\",\"name\":\"Parthenon Timeline\",\"isPartOf\":{\"@id\":\"https:\/\/parthenon-marbles.com\/#website\"},\"datePublished\":\"2020-06-15T10:09:25+00:00\",\"dateModified\":\"2021-04-13T14:41:53+00:00\",\"breadcrumb\":{\"@id\":\"https:\/\/parthenon-marbles.com\/parthenon-timeline\/#breadcrumb\"},\"inLanguage\":\"de\",\"potentialAction\":[{\"@type\":\"ReadAction\",\"target\":[\"https:\/\/parthenon-marbles.com\/parthenon-timeline\/\"]}]},{\"@type\":\"BreadcrumbList\",\"@id\":\"https:\/\/parthenon-marbles.com\/parthenon-timeline\/#breadcrumb\",\"itemListElement\":[{\"@type\":\"ListItem\",\"position\":1,\"name\":\"Startseite\",\"item\":\"https:\/\/parthenon-marbles.com\/\"},{\"@type\":\"ListItem\",\"position\":2,\"name\":\"Parthenon Timeline\"}]},{\"@type\":\"WebSite\",\"@id\":\"https:\/\/parthenon-marbles.com\/#website\",\"url\":\"https:\/\/parthenon-marbles.com\/\",\"name\":\"Parthenon Marbles\",\"description\":\"History & Book\",\"potentialAction\":[{\"@type\":\"SearchAction\",\"target\":{\"@type\":\"EntryPoint\",\"urlTemplate\":\"https:\/\/parthenon-marbles.com\/?s={search_term_string}\"},\"query-input\":{\"@type\":\"PropertyValueSpecification\",\"valueRequired\":true,\"valueName\":\"search_term_string\"}}],\"inLanguage\":\"de\"}]}<\/script>\n<!-- \/ Yoast SEO plugin. -->","yoast_head_json":{"title":"Parthenon Timeline - Parthenon Marbles","robots":{"index":"index","follow":"follow","max-snippet":"max-snippet:-1","max-image-preview":"max-image-preview:large","max-video-preview":"max-video-preview:-1"},"canonical":"https:\/\/parthenon-marbles.com\/de\/parthenon-timeline\/","og_locale":"de_DE","og_type":"article","og_title":"[:en]Parthenon Timeline[:el]\u03a0\u03b1\u03c1\u03b8\u03b5\u03bd\u03ce\u03bd\u03b1\u03c2[:de]Parthenon Timeline[:] - Parthenon Marbles","og_description":"[vc_row el_id=&#8220;timelinebio&#8220;][vc_column][vc_row_inner][vc_column_inner width=&#8220;1\/2&#8243;][vc_custom_heading text=&#8220;490 v. Chr.&#8220; font_container=&#8220;tag:h4|text_align:right&#8220; use_theme_fonts=&#8220;yes&#8220; css_animation=&#8220;left-to-right&#8220;][\/vc_column_inner][vc_column_inner width=&#8220;1\/2&#8243;][vc_custom_heading text=&#8220;490 v. Chr.&#8220; use_theme_fonts=&#8220;yes&#8220; css_animation=&#8220;none&#8220;][vc_column_text]Unmittelbar nach der historischen Schlacht von Marathon 490 v. Chr. Gegen die Perser beginnen die Athener mit dem Bau des Vorg\u00e4ngers des Parthenon (Pre-Parthenon), um die G\u00f6ttin Athene zu ehren, die ihre Stadt verteidigte und den Sieg brachte. Aber die Perser&hellip;","og_url":"https:\/\/parthenon-marbles.com\/de\/parthenon-timeline\/","og_site_name":"Parthenon Marbles","article_modified_time":"2021-04-13T14:41:53+00:00","twitter_card":"summary_large_image","twitter_misc":{"Gesch\u00e4tzte Lesezeit":"3\u00a0Minuten"},"schema":{"@context":"https:\/\/schema.org","@graph":[{"@type":"WebPage","@id":"https:\/\/parthenon-marbles.com\/parthenon-timeline\/","url":"https:\/\/parthenon-marbles.com\/parthenon-timeline\/","name":"Parthenon Timeline","isPartOf":{"@id":"https:\/\/parthenon-marbles.com\/#website"},"datePublished":"2020-06-15T10:09:25+00:00","dateModified":"2021-04-13T14:41:53+00:00","breadcrumb":{"@id":"https:\/\/parthenon-marbles.com\/parthenon-timeline\/#breadcrumb"},"inLanguage":"de","potentialAction":[{"@type":"ReadAction","target":["https:\/\/parthenon-marbles.com\/parthenon-timeline\/"]}]},{"@type":"BreadcrumbList","@id":"https:\/\/parthenon-marbles.com\/parthenon-timeline\/#breadcrumb","itemListElement":[{"@type":"ListItem","position":1,"name":"Startseite","item":"https:\/\/parthenon-marbles.com\/"},{"@type":"ListItem","position":2,"name":"Parthenon Timeline"}]},{"@type":"WebSite","@id":"https:\/\/parthenon-marbles.com\/#website","url":"https:\/\/parthenon-marbles.com\/","name":"Parthenon Marbles","description":"History & Book","potentialAction":[{"@type":"SearchAction","target":{"@type":"EntryPoint","urlTemplate":"https:\/\/parthenon-marbles.com\/?s={search_term_string}"},"query-input":{"@type":"PropertyValueSpecification","valueRequired":true,"valueName":"search_term_string"}}],"inLanguage":"de"}]}},"_links":{"self":[{"href":"https:\/\/parthenon-marbles.com\/de\/wp-json\/wp\/v2\/pages\/46","targetHints":{"allow":["GET"]}}],"collection":[{"href":"https:\/\/parthenon-marbles.com\/de\/wp-json\/wp\/v2\/pages"}],"about":[{"href":"https:\/\/parthenon-marbles.com\/de\/wp-json\/wp\/v2\/types\/page"}],"author":[{"embeddable":true,"href":"https:\/\/parthenon-marbles.com\/de\/wp-json\/wp\/v2\/users\/1"}],"replies":[{"embeddable":true,"href":"https:\/\/parthenon-marbles.com\/de\/wp-json\/wp\/v2\/comments?post=46"}],"version-history":[{"count":3,"href":"https:\/\/parthenon-marbles.com\/de\/wp-json\/wp\/v2\/pages\/46\/revisions"}],"predecessor-version":[{"id":660,"href":"https:\/\/parthenon-marbles.com\/de\/wp-json\/wp\/v2\/pages\/46\/revisions\/660"}],"wp:attachment":[{"href":"https:\/\/parthenon-marbles.com\/de\/wp-json\/wp\/v2\/media?parent=46"}],"curies":[{"name":"wp","href":"https:\/\/api.w.org\/{rel}","templated":true}]}}