{"id":200,"date":"2020-06-16T12:12:41","date_gmt":"2020-06-16T09:12:41","guid":{"rendered":"http:\/\/parthenonmarbles.happydev.gr\/?page_id=200"},"modified":"2021-04-12T17:03:52","modified_gmt":"2021-04-12T14:03:52","slug":"the-frieze","status":"publish","type":"page","link":"https:\/\/parthenon-marbles.com\/de\/marbles\/the-frieze\/","title":{"rendered":"The Frieze"},"content":{"rendered":"<div class=\"wpb-content-wrapper\"><p>[vc_row full_width=&#8220;stretch_row_content_no_spaces&#8220; el_class=&#8220;metopes&#8220; css=&#8220;.vc_custom_1592310367720{background-image: url(http:\/\/parthenon-marbles.com\/wp-content\/uploads\/2020\/06\/man.png?id=16) !important;}&#8220;][vc_column][vc_row_inner el_class=&#8220;container&#8220;][vc_column_inner][vc_column_text]Das Wort &#8222;zoforos&#8220; leitet sich vom Substantiv &#8222;zoi&#8220; ab, das Leben bedeutet, und vom Verb &#8222;ferro&#8220;, was &#8222;tragen&#8220; bedeutet. Architektonisch bezieht es sich auf einen Fries, ein durchgehendes Band mit Darstellungen von Menschen und Tieren in Bewegung, die Tempel im ionischen Stil schm\u00fccken. Die Platzierung eines Frieses auf dem Parthenon, einem Tempel im dorischen Stil, ist die einzige Ausnahme in der antiken griechischen Architektur. Der Fries ist Teil der Tempelstruktur und befindet sich in der N\u00e4he des Marmordachs. Die Darstellungen sind in geringem Relief. Die satten Farben und kleinen metallischen Verzierungen auf den Figuren sorgen f\u00fcr eine sehr beeindruckende Komposition. Der Fries stellt die panathenische Prozession dar und illustriert auf subtile Weise die fairste Verfassung, die jemals existieren k\u00f6nnte, die der Demokratie. Die Handlung der Prozession, die von den Figuren der Komposition dargestellt wird, entfaltet sich allm\u00e4hlich \u00fcber den 160-Meter-Fries. An der Prozession nehmen M\u00e4nner, Frauen, Reiter, Opfertiere, Priester mit Zeremoniengef\u00e4\u00dfen und nat\u00fcrlich die anwesenden olympischen G\u00f6tter teil.[\/vc_column_text][vc_custom_heading text=&#8220;Der Fries auf der Nordseite&#8220; font_container=&#8220;tag:h5|text_align:left|color:%23000000&#8243; use_theme_fonts=&#8220;yes&#8220;][vc_column_text]Der Fries auf der Nordseite zeigt 60 Reiter, die an einem Wagenrennen teilnehmen. Dieser Sport wurde w\u00e4hrend panathenischer Feierlichkeiten ausge\u00fcbt und wurde aus der Legende des Lokalmatadors Erechtheus abgeleitet. An dem Rennen nahmen vier Streitwagen teil, die jeweils einen Soldaten und einen Wagenlenker trugen. Dieser Szene folgt das Opfer. Vorne stehen die Opfertiere, darunter vier Ochsen und vier Widder, die von M\u00e4nnern gef\u00fchrt werden. An der Prozession nehmen auch M\u00e4nner teil, die Olivenzweige, Wassergef\u00e4\u00dfe und K\u00f6rbe voller Opfergaben tragen, sowie Musiker.[\/vc_column_text][vc_custom_heading text=&#8220;Der Fries der S\u00fcdseite&#8220; font_container=&#8220;tag:h5|text_align:left|color:%23000000&#8243; use_theme_fonts=&#8220;yes&#8220;][vc_column_text]Zehn Gruppen von jeweils sechs Reitern nehmen an der Prozession teil, die auf der S\u00fcdseite des Frieses abgebildet ist. Zehn Streitwagen fahren hinter dem Opfermarsch her, der dem der Nordseite \u00e4hnlich ist, obwohl hier zehn Opferochsen abgebildet sind. Die Prozession wird vom Zeremonienmarschall geleitet, der die Rassen \u00fcberwacht.[\/vc_column_text][vc_custom_heading text=&#8220;Der Fries der Ostseite&#8220; font_container=&#8220;tag:h5|text_align:left|color:%23000000&#8243; use_theme_fonts=&#8220;yes&#8220;][vc_column_text]Auf der Ostseite, der \u201eg\u00f6ttlichen\u201c Seite des Frieses, sitzen die G\u00f6tter auf Hockern. Dies war die einzige M\u00f6glichkeit, sie aufgrund ihrer Gr\u00f6\u00dfe in den Fries einzubauen. Aufgrund der Heiligkeit der Ostseite sind dort keine Tiere enthalten, w\u00e4hrend nur auf der Seite Frauen abgebildet sind. Das \u201ePeplos\u201c -Angebot, der h\u00f6chste Moment des Rituals, ist in der Mitte direkt \u00fcber dem Haupteingang des Tempels dargestellt. Der Hohepriester und ein Junge tragen das Kleidungsst\u00fcck. Eine Priesterin und zwei kleinere weibliche Figuren sind ebenfalls anwesend. Links und rechts vom Gewand sitzen die G\u00f6tter; zwischen ihnen steht Iris hinter Hera. Zwischen den G\u00f6ttern und der Prozession stehen die Helden von Attika, sechs links und vier rechts, nach denen die St\u00e4mme Athens benannt wurden.[\/vc_column_text][vc_custom_heading text=&#8220;Der Fries der Westseite&#8220; font_container=&#8220;tag:h5|text_align:left|color:%23000000&#8243; use_theme_fonts=&#8220;yes&#8220;][vc_column_text]Die beiden Zeremonienmeister sind an den beiden Enden des Westfrieses abgebildet, einer auf jeder Seite. Der Rest des Frieses zeigt Athener, die das Panathenaic Festival feiern. Die an der Prozession teilnehmenden Menschen und Tiere sind im Vergleich zu den anderen Seiten des Frieses weniger zahlreich. In diesen Szenen sehen wir junge M\u00e4nner zu Pferd und andere, die sich auf den Ritt vorbereiten.[\/vc_column_text][\/vc_column_inner][\/vc_row_inner][\/vc_column][\/vc_row]<\/p>\n<\/div>","protected":false},"excerpt":{"rendered":"<p>[vc_row full_width=&#8220;stretch_row_content_no_spaces&#8220; el_class=&#8220;metopes&#8220; css=&#8220;.vc_custom_1592310367720{background-image: url(http:\/\/parthenon-marbles.com\/wp-content\/uploads\/2020\/06\/man.png?id=16) !important;}&#8220;][vc_column][vc_row_inner el_class=&#8220;container&#8220;][vc_column_inner][vc_column_text]Das Wort &#8222;zoforos&#8220; leitet sich vom Substantiv &#8222;zoi&#8220; ab, das Leben bedeutet, und vom Verb &#8222;ferro&#8220;, was &#8222;tragen&#8220; bedeutet. Architektonisch bezieht es sich auf einen Fries, ein durchgehendes Band mit Darstellungen von Menschen und Tieren in Bewegung, die Tempel im ionischen Stil schm\u00fccken. Die Platzierung eines Frieses auf dem&hellip;<\/p>\n","protected":false},"author":1,"featured_media":0,"parent":123,"menu_order":0,"comment_status":"closed","ping_status":"closed","template":"","meta":{"footnotes":""},"class_list":["post-200","page","type-page","status-publish","hentry","description-off"],"yoast_head":"<!-- This site is optimized with the Yoast SEO plugin v24.4 - https:\/\/yoast.com\/wordpress\/plugins\/seo\/ -->\n<title>The Frieze - Parthenon Marbles<\/title>\n<meta name=\"robots\" content=\"index, follow, max-snippet:-1, max-image-preview:large, max-video-preview:-1\" \/>\n<link rel=\"canonical\" href=\"https:\/\/parthenon-marbles.com\/de\/marbles\/the-frieze\/\" \/>\n<meta property=\"og:locale\" content=\"de_DE\" \/>\n<meta property=\"og:locale:alternate\" content=\"en_US\" \/>\n<meta property=\"og:locale:alternate\" content=\"el\" \/>\n<meta property=\"og:type\" content=\"article\" \/>\n<meta property=\"og:title\" content=\"The Frieze\" \/>\n<meta property=\"og:description\" content=\"[vc_row full_width=&#8220;stretch_row_content_no_spaces&#8220; el_class=&#8220;metopes&#8220; css=&#8220;.vc_custom_1592310367720{background-image: url(http:\/\/parthenon-marbles.com\/wp-content\/uploads\/2020\/06\/man.png?id=16) !important;}&#8220;][vc_column][vc_row_inner el_class=&#8220;container&#8220;][vc_column_inner][vc_column_text]Das Wort &#8222;zoforos&#8220; leitet sich vom Substantiv &#8222;zoi&#8220; ab, das Leben bedeutet, und vom Verb &#8222;ferro&#8220;, was &#8222;tragen&#8220; bedeutet. Architektonisch bezieht es sich auf einen Fries, ein durchgehendes Band mit Darstellungen von Menschen und Tieren in Bewegung, die Tempel im ionischen Stil schm\u00fccken. Die Platzierung eines Frieses auf dem&hellip;\" \/>\n<meta property=\"og:url\" content=\"https:\/\/parthenon-marbles.com\/de\/marbles\/the-frieze\/\" \/>\n<meta property=\"og:site_name\" content=\"Parthenon Marbles\" \/>\n<meta property=\"article:modified_time\" content=\"2021-04-12T14:03:52+00:00\" \/>\n<meta name=\"twitter:card\" content=\"summary_large_image\" \/>\n<meta name=\"twitter:label1\" content=\"Gesch\u00e4tzte Lesezeit\" \/>\n\t<meta name=\"twitter:data1\" content=\"7\u00a0Minuten\" \/>\n<script type=\"application\/ld+json\" class=\"yoast-schema-graph\">{\"@context\":\"https:\/\/schema.org\",\"@graph\":[{\"@type\":\"WebPage\",\"@id\":\"https:\/\/parthenon-marbles.com\/de\/marbles\/the-frieze\/\",\"url\":\"https:\/\/parthenon-marbles.com\/de\/marbles\/the-frieze\/\",\"name\":\"The Frieze\",\"isPartOf\":{\"@id\":\"https:\/\/parthenon-marbles.com\/#website\"},\"datePublished\":\"2020-06-16T09:12:41+00:00\",\"dateModified\":\"2021-04-12T14:03:52+00:00\",\"breadcrumb\":{\"@id\":\"https:\/\/parthenon-marbles.com\/de\/marbles\/the-frieze\/#breadcrumb\"},\"inLanguage\":\"de\",\"potentialAction\":[{\"@type\":\"ReadAction\",\"target\":[\"https:\/\/parthenon-marbles.com\/de\/marbles\/the-frieze\/\"]}]},{\"@type\":\"BreadcrumbList\",\"@id\":\"https:\/\/parthenon-marbles.com\/de\/marbles\/the-frieze\/#breadcrumb\",\"itemListElement\":[{\"@type\":\"ListItem\",\"position\":1,\"name\":\"Startseite\",\"item\":\"https:\/\/parthenon-marbles.com\/\"},{\"@type\":\"ListItem\",\"position\":2,\"name\":\"Marbles\",\"item\":\"https:\/\/parthenon-marbles.com\/marbles\/\"},{\"@type\":\"ListItem\",\"position\":3,\"name\":\"The Frieze\"}]},{\"@type\":\"WebSite\",\"@id\":\"https:\/\/parthenon-marbles.com\/#website\",\"url\":\"https:\/\/parthenon-marbles.com\/\",\"name\":\"Parthenon Marbles\",\"description\":\"History & Book\",\"potentialAction\":[{\"@type\":\"SearchAction\",\"target\":{\"@type\":\"EntryPoint\",\"urlTemplate\":\"https:\/\/parthenon-marbles.com\/?s={search_term_string}\"},\"query-input\":{\"@type\":\"PropertyValueSpecification\",\"valueRequired\":true,\"valueName\":\"search_term_string\"}}],\"inLanguage\":\"de\"}]}<\/script>\n<!-- \/ Yoast SEO plugin. -->","yoast_head_json":{"title":"The Frieze - Parthenon Marbles","robots":{"index":"index","follow":"follow","max-snippet":"max-snippet:-1","max-image-preview":"max-image-preview:large","max-video-preview":"max-video-preview:-1"},"canonical":"https:\/\/parthenon-marbles.com\/de\/marbles\/the-frieze\/","og_locale":"de_DE","og_type":"article","og_title":"[:en]The Frieze[:el]\u0397 \u0396\u03c9\u03c6\u03cc\u03c1\u03bf\u03c2[:de]The Frieze[:] - Parthenon Marbles","og_description":"[vc_row full_width=&#8220;stretch_row_content_no_spaces&#8220; el_class=&#8220;metopes&#8220; css=&#8220;.vc_custom_1592310367720{background-image: url(http:\/\/parthenon-marbles.com\/wp-content\/uploads\/2020\/06\/man.png?id=16) !important;}&#8220;][vc_column][vc_row_inner el_class=&#8220;container&#8220;][vc_column_inner][vc_column_text]Das Wort &#8222;zoforos&#8220; leitet sich vom Substantiv &#8222;zoi&#8220; ab, das Leben bedeutet, und vom Verb &#8222;ferro&#8220;, was &#8222;tragen&#8220; bedeutet. Architektonisch bezieht es sich auf einen Fries, ein durchgehendes Band mit Darstellungen von Menschen und Tieren in Bewegung, die Tempel im ionischen Stil schm\u00fccken. Die Platzierung eines Frieses auf dem&hellip;","og_url":"https:\/\/parthenon-marbles.com\/de\/marbles\/the-frieze\/","og_site_name":"Parthenon Marbles","article_modified_time":"2021-04-12T14:03:52+00:00","twitter_card":"summary_large_image","twitter_misc":{"Gesch\u00e4tzte Lesezeit":"7\u00a0Minuten"},"schema":{"@context":"https:\/\/schema.org","@graph":[{"@type":"WebPage","@id":"https:\/\/parthenon-marbles.com\/de\/marbles\/the-frieze\/","url":"https:\/\/parthenon-marbles.com\/de\/marbles\/the-frieze\/","name":"The Frieze","isPartOf":{"@id":"https:\/\/parthenon-marbles.com\/#website"},"datePublished":"2020-06-16T09:12:41+00:00","dateModified":"2021-04-12T14:03:52+00:00","breadcrumb":{"@id":"https:\/\/parthenon-marbles.com\/de\/marbles\/the-frieze\/#breadcrumb"},"inLanguage":"de","potentialAction":[{"@type":"ReadAction","target":["https:\/\/parthenon-marbles.com\/de\/marbles\/the-frieze\/"]}]},{"@type":"BreadcrumbList","@id":"https:\/\/parthenon-marbles.com\/de\/marbles\/the-frieze\/#breadcrumb","itemListElement":[{"@type":"ListItem","position":1,"name":"Startseite","item":"https:\/\/parthenon-marbles.com\/"},{"@type":"ListItem","position":2,"name":"Marbles","item":"https:\/\/parthenon-marbles.com\/marbles\/"},{"@type":"ListItem","position":3,"name":"The Frieze"}]},{"@type":"WebSite","@id":"https:\/\/parthenon-marbles.com\/#website","url":"https:\/\/parthenon-marbles.com\/","name":"Parthenon Marbles","description":"History & Book","potentialAction":[{"@type":"SearchAction","target":{"@type":"EntryPoint","urlTemplate":"https:\/\/parthenon-marbles.com\/?s={search_term_string}"},"query-input":{"@type":"PropertyValueSpecification","valueRequired":true,"valueName":"search_term_string"}}],"inLanguage":"de"}]}},"_links":{"self":[{"href":"https:\/\/parthenon-marbles.com\/de\/wp-json\/wp\/v2\/pages\/200","targetHints":{"allow":["GET"]}}],"collection":[{"href":"https:\/\/parthenon-marbles.com\/de\/wp-json\/wp\/v2\/pages"}],"about":[{"href":"https:\/\/parthenon-marbles.com\/de\/wp-json\/wp\/v2\/types\/page"}],"author":[{"embeddable":true,"href":"https:\/\/parthenon-marbles.com\/de\/wp-json\/wp\/v2\/users\/1"}],"replies":[{"embeddable":true,"href":"https:\/\/parthenon-marbles.com\/de\/wp-json\/wp\/v2\/comments?post=200"}],"version-history":[{"count":0,"href":"https:\/\/parthenon-marbles.com\/de\/wp-json\/wp\/v2\/pages\/200\/revisions"}],"up":[{"embeddable":true,"href":"https:\/\/parthenon-marbles.com\/de\/wp-json\/wp\/v2\/pages\/123"}],"wp:attachment":[{"href":"https:\/\/parthenon-marbles.com\/de\/wp-json\/wp\/v2\/media?parent=200"}],"curies":[{"name":"wp","href":"https:\/\/api.w.org\/{rel}","templated":true}]}}