{"id":194,"date":"2020-06-16T11:05:35","date_gmt":"2020-06-16T08:05:35","guid":{"rendered":"http:\/\/parthenonmarbles.happydev.gr\/?page_id=194"},"modified":"2021-04-12T17:06:43","modified_gmt":"2021-04-12T14:06:43","slug":"the-metopes","status":"publish","type":"page","link":"https:\/\/parthenon-marbles.com\/de\/marbles\/the-metopes\/","title":{"rendered":"The Metopes"},"content":{"rendered":"<div class=\"wpb-content-wrapper\"><p>[vc_row full_width=&#8220;stretch_row_content_no_spaces&#8220; el_class=&#8220;metopes&#8220; css=&#8220;.vc_custom_1592310367720{background-image: url(http:\/\/parthenon-marbles.com\/wp-content\/uploads\/2020\/06\/man.png?id=16) !important;}&#8220;][vc_column][vc_row_inner el_class=&#8220;container&#8220;][vc_column_inner][vc_column_text]Es handelt sich um Platten, die zwischen den Triglyphen angebracht und oben von Gesimsen abgeschirmt sind. Am Parthenon befanden sich 92 Metopen, die alle hochreliefiert waren und in der Geschichte der griechischen Architektur einzigartig waren. Die Darstellungen auf diesen Platten wurden aus der griechischen Mythologie abgeleitet. Die Mehrheit zeigt das Lieblingsthema der antiken griechischen Kunst, den Kampf. Die Metopen der Ostseite zeigen die \u201eGigantomachie\u201c, den Kampf der olympischen G\u00f6tter gegen die Riesen um die Errichtung der kosmischen Ordnung, die die Riesen zu st\u00fcrzen versucht hatten. Dreizehn von vierzehn Metopen auf der \u00f6stlichen \u201eg\u00f6ttlichen\u201c Seite zeigen einen Gott, der zu Fu\u00df oder in einem Streitwagen gegen einen Riesen k\u00e4mpft. Die letzte Metope auf der rechten Seite zeigt den Streitwagen von Helios, dem Sonnengott.[\/vc_column_text][vc_custom_heading text=&#8220;NORD: Trojanischer Krieg&#8220; font_container=&#8220;tag:h5|text_align:left|color:%23000000&#8243; use_theme_fonts=&#8220;yes&#8220;][vc_column_text]Die Metopen auf der Nordseite zeigen Szenen aus dem Trojanischen Krieg, haupts\u00e4chlich aus der Entlassung Trojas durch die Griechen. Die einzige Metope, die sich thematisch unterscheidet, ist die letzte von rechts, die Athene zeigt, die vor der sitzenden Hera steht. Daneben befindet sich die Metope, die Iris neben Zeus zeigt.[\/vc_column_text][vc_custom_heading text=&#8220;S\u00dcD: Schlacht der Griechen und Zentauren&#8220; font_container=&#8220;tag:h5|text_align:left|color:%23000000&#8243; use_theme_fonts=&#8220;yes&#8220;][vc_column_text]Das Grundthema, das auf den Metopen der S\u00fcdseite abgebildet ist, ist die Zentaurenschlacht. Zentauren, eine barbarische Rasse mit dem K\u00f6rper eines Pferdes und dem Kopf und dem Oberk\u00f6rper eines Menschen, wurden von ihren Nachbarn, den Lapithen, zur Hochzeit ihres K\u00f6nigs Peirithus eingeladen. Bei der Hochzeit betranken sie sich und versuchten, die Lapith-Frauen zu entf\u00fchren, was den Kampf ausl\u00f6ste. Der Legende nach war einer der G\u00e4ste der Hochzeit der Held Theseus. Der Kampf mit den Zentauren symbolisiert den Kampf der Zivilisation gegen die Barbarei.[\/vc_column_text][vc_custom_heading text=&#8220;OSTEN: Olympische G\u00f6tter k\u00e4mpfen gegen Riesen&#8220; font_container=&#8220;tag:h5|text_align:left|color:%23000000&#8243; use_theme_fonts=&#8220;yes&#8220;][vc_column_text]Die Metopen der Ostseite zeigen die \u201eGigantomachie\u201c, den Kampf der olympischen G\u00f6tter gegen die Riesen um die Errichtung der kosmischen Ordnung, die die Riesen zu st\u00fcrzen versucht hatten. Dreizehn von vierzehn Metopen auf der \u00f6stlichen \u201eg\u00f6ttlichen\u201c Seite zeigen einen Gott, der zu Fu\u00df oder in einem Streitwagen gegen einen Riesen k\u00e4mpft. Die letzte Metope auf der rechten Seite zeigt den Streitwagen von Helios, dem Sonnengott.[\/vc_column_text][vc_custom_heading text=&#8220;WEST: Griechen gegen Amazonen&#8220; font_container=&#8220;tag:h5|text_align:left|color:%23000000&#8243; use_theme_fonts=&#8220;yes&#8220;][vc_column_text]Die Metopen auf der Westseite zeigen die Amazonasschlacht. Die Griechen, angef\u00fchrt von ihrem Helden Theseus, k\u00e4mpfen gegen die Amazonen, die der Legende nach Kriegerinnen waren, die Pontos gegen\u00fcber lebten. Die Griechen werden nackt dargestellt, w\u00e4hrend die Amazonen in kurzen Kleidern und manchmal zu Pferd gezeigt werden. Ihre K\u00f6nigin Antiope ist in der ersten Metope links abgebildet und sitzt zu Pferd.[\/vc_column_text][\/vc_column_inner][\/vc_row_inner][\/vc_column][\/vc_row]<\/p>\n<\/div>","protected":false},"excerpt":{"rendered":"<p>[vc_row full_width=&#8220;stretch_row_content_no_spaces&#8220; el_class=&#8220;metopes&#8220; css=&#8220;.vc_custom_1592310367720{background-image: url(http:\/\/parthenon-marbles.com\/wp-content\/uploads\/2020\/06\/man.png?id=16) !important;}&#8220;][vc_column][vc_row_inner el_class=&#8220;container&#8220;][vc_column_inner][vc_column_text]Es handelt sich um Platten, die zwischen den Triglyphen angebracht und oben von Gesimsen abgeschirmt sind. Am Parthenon befanden sich 92 Metopen, die alle hochreliefiert waren und in der Geschichte der griechischen Architektur einzigartig waren. Die Darstellungen auf diesen Platten wurden aus der griechischen Mythologie abgeleitet. Die Mehrheit zeigt&hellip;<\/p>\n","protected":false},"author":1,"featured_media":0,"parent":123,"menu_order":0,"comment_status":"closed","ping_status":"closed","template":"","meta":{"footnotes":""},"class_list":["post-194","page","type-page","status-publish","hentry","description-off"],"yoast_head":"<!-- This site is optimized with the Yoast SEO plugin v24.4 - https:\/\/yoast.com\/wordpress\/plugins\/seo\/ -->\n<title>The Metopes - Parthenon Marbles<\/title>\n<meta name=\"robots\" content=\"index, follow, max-snippet:-1, max-image-preview:large, max-video-preview:-1\" \/>\n<link rel=\"canonical\" href=\"https:\/\/parthenon-marbles.com\/de\/marbles\/the-metopes\/\" \/>\n<meta property=\"og:locale\" content=\"de_DE\" \/>\n<meta property=\"og:locale:alternate\" content=\"en_US\" \/>\n<meta property=\"og:locale:alternate\" content=\"el\" \/>\n<meta property=\"og:type\" content=\"article\" \/>\n<meta property=\"og:title\" content=\"The Metopes\" \/>\n<meta property=\"og:description\" content=\"[vc_row full_width=&#8220;stretch_row_content_no_spaces&#8220; el_class=&#8220;metopes&#8220; css=&#8220;.vc_custom_1592310367720{background-image: url(http:\/\/parthenon-marbles.com\/wp-content\/uploads\/2020\/06\/man.png?id=16) !important;}&#8220;][vc_column][vc_row_inner el_class=&#8220;container&#8220;][vc_column_inner][vc_column_text]Es handelt sich um Platten, die zwischen den Triglyphen angebracht und oben von Gesimsen abgeschirmt sind. Am Parthenon befanden sich 92 Metopen, die alle hochreliefiert waren und in der Geschichte der griechischen Architektur einzigartig waren. Die Darstellungen auf diesen Platten wurden aus der griechischen Mythologie abgeleitet. Die Mehrheit zeigt&hellip;\" \/>\n<meta property=\"og:url\" content=\"https:\/\/parthenon-marbles.com\/de\/marbles\/the-metopes\/\" \/>\n<meta property=\"og:site_name\" content=\"Parthenon Marbles\" \/>\n<meta property=\"article:modified_time\" content=\"2021-04-12T14:06:43+00:00\" \/>\n<meta name=\"twitter:card\" content=\"summary_large_image\" \/>\n<meta name=\"twitter:label1\" content=\"Gesch\u00e4tzte Lesezeit\" \/>\n\t<meta name=\"twitter:data1\" content=\"6\u00a0Minuten\" \/>\n<script type=\"application\/ld+json\" class=\"yoast-schema-graph\">{\"@context\":\"https:\/\/schema.org\",\"@graph\":[{\"@type\":\"WebPage\",\"@id\":\"https:\/\/parthenon-marbles.com\/marbles\/the-metopes\/\",\"url\":\"https:\/\/parthenon-marbles.com\/marbles\/the-metopes\/\",\"name\":\"The Metopes\",\"isPartOf\":{\"@id\":\"https:\/\/parthenon-marbles.com\/#website\"},\"datePublished\":\"2020-06-16T08:05:35+00:00\",\"dateModified\":\"2021-04-12T14:06:43+00:00\",\"breadcrumb\":{\"@id\":\"https:\/\/parthenon-marbles.com\/marbles\/the-metopes\/#breadcrumb\"},\"inLanguage\":\"de\",\"potentialAction\":[{\"@type\":\"ReadAction\",\"target\":[\"https:\/\/parthenon-marbles.com\/marbles\/the-metopes\/\"]}]},{\"@type\":\"BreadcrumbList\",\"@id\":\"https:\/\/parthenon-marbles.com\/marbles\/the-metopes\/#breadcrumb\",\"itemListElement\":[{\"@type\":\"ListItem\",\"position\":1,\"name\":\"Startseite\",\"item\":\"https:\/\/parthenon-marbles.com\/\"},{\"@type\":\"ListItem\",\"position\":2,\"name\":\"Marbles\",\"item\":\"https:\/\/parthenon-marbles.com\/marbles\/\"},{\"@type\":\"ListItem\",\"position\":3,\"name\":\"The Metopes\"}]},{\"@type\":\"WebSite\",\"@id\":\"https:\/\/parthenon-marbles.com\/#website\",\"url\":\"https:\/\/parthenon-marbles.com\/\",\"name\":\"Parthenon Marbles\",\"description\":\"History & Book\",\"potentialAction\":[{\"@type\":\"SearchAction\",\"target\":{\"@type\":\"EntryPoint\",\"urlTemplate\":\"https:\/\/parthenon-marbles.com\/?s={search_term_string}\"},\"query-input\":{\"@type\":\"PropertyValueSpecification\",\"valueRequired\":true,\"valueName\":\"search_term_string\"}}],\"inLanguage\":\"de\"}]}<\/script>\n<!-- \/ Yoast SEO plugin. -->","yoast_head_json":{"title":"The Metopes - Parthenon Marbles","robots":{"index":"index","follow":"follow","max-snippet":"max-snippet:-1","max-image-preview":"max-image-preview:large","max-video-preview":"max-video-preview:-1"},"canonical":"https:\/\/parthenon-marbles.com\/de\/marbles\/the-metopes\/","og_locale":"de_DE","og_type":"article","og_title":"[:en]The Metopes[:el]\u039f\u03b9 \u039c\u03b5\u03c4\u03cc\u03c0\u03b5\u03c2[:de]The Metopes[:] - Parthenon Marbles","og_description":"[vc_row full_width=&#8220;stretch_row_content_no_spaces&#8220; el_class=&#8220;metopes&#8220; css=&#8220;.vc_custom_1592310367720{background-image: url(http:\/\/parthenon-marbles.com\/wp-content\/uploads\/2020\/06\/man.png?id=16) !important;}&#8220;][vc_column][vc_row_inner el_class=&#8220;container&#8220;][vc_column_inner][vc_column_text]Es handelt sich um Platten, die zwischen den Triglyphen angebracht und oben von Gesimsen abgeschirmt sind. Am Parthenon befanden sich 92 Metopen, die alle hochreliefiert waren und in der Geschichte der griechischen Architektur einzigartig waren. Die Darstellungen auf diesen Platten wurden aus der griechischen Mythologie abgeleitet. Die Mehrheit zeigt&hellip;","og_url":"https:\/\/parthenon-marbles.com\/de\/marbles\/the-metopes\/","og_site_name":"Parthenon Marbles","article_modified_time":"2021-04-12T14:06:43+00:00","twitter_card":"summary_large_image","twitter_misc":{"Gesch\u00e4tzte Lesezeit":"6\u00a0Minuten"},"schema":{"@context":"https:\/\/schema.org","@graph":[{"@type":"WebPage","@id":"https:\/\/parthenon-marbles.com\/marbles\/the-metopes\/","url":"https:\/\/parthenon-marbles.com\/marbles\/the-metopes\/","name":"The Metopes","isPartOf":{"@id":"https:\/\/parthenon-marbles.com\/#website"},"datePublished":"2020-06-16T08:05:35+00:00","dateModified":"2021-04-12T14:06:43+00:00","breadcrumb":{"@id":"https:\/\/parthenon-marbles.com\/marbles\/the-metopes\/#breadcrumb"},"inLanguage":"de","potentialAction":[{"@type":"ReadAction","target":["https:\/\/parthenon-marbles.com\/marbles\/the-metopes\/"]}]},{"@type":"BreadcrumbList","@id":"https:\/\/parthenon-marbles.com\/marbles\/the-metopes\/#breadcrumb","itemListElement":[{"@type":"ListItem","position":1,"name":"Startseite","item":"https:\/\/parthenon-marbles.com\/"},{"@type":"ListItem","position":2,"name":"Marbles","item":"https:\/\/parthenon-marbles.com\/marbles\/"},{"@type":"ListItem","position":3,"name":"The Metopes"}]},{"@type":"WebSite","@id":"https:\/\/parthenon-marbles.com\/#website","url":"https:\/\/parthenon-marbles.com\/","name":"Parthenon Marbles","description":"History & Book","potentialAction":[{"@type":"SearchAction","target":{"@type":"EntryPoint","urlTemplate":"https:\/\/parthenon-marbles.com\/?s={search_term_string}"},"query-input":{"@type":"PropertyValueSpecification","valueRequired":true,"valueName":"search_term_string"}}],"inLanguage":"de"}]}},"_links":{"self":[{"href":"https:\/\/parthenon-marbles.com\/de\/wp-json\/wp\/v2\/pages\/194","targetHints":{"allow":["GET"]}}],"collection":[{"href":"https:\/\/parthenon-marbles.com\/de\/wp-json\/wp\/v2\/pages"}],"about":[{"href":"https:\/\/parthenon-marbles.com\/de\/wp-json\/wp\/v2\/types\/page"}],"author":[{"embeddable":true,"href":"https:\/\/parthenon-marbles.com\/de\/wp-json\/wp\/v2\/users\/1"}],"replies":[{"embeddable":true,"href":"https:\/\/parthenon-marbles.com\/de\/wp-json\/wp\/v2\/comments?post=194"}],"version-history":[{"count":0,"href":"https:\/\/parthenon-marbles.com\/de\/wp-json\/wp\/v2\/pages\/194\/revisions"}],"up":[{"embeddable":true,"href":"https:\/\/parthenon-marbles.com\/de\/wp-json\/wp\/v2\/pages\/123"}],"wp:attachment":[{"href":"https:\/\/parthenon-marbles.com\/de\/wp-json\/wp\/v2\/media?parent=194"}],"curies":[{"name":"wp","href":"https:\/\/api.w.org\/{rel}","templated":true}]}}