{"id":119,"date":"2020-06-15T16:40:15","date_gmt":"2020-06-15T13:40:15","guid":{"rendered":"http:\/\/parthenonmarbles.happydev.gr\/?page_id=119"},"modified":"2021-04-12T17:01:29","modified_gmt":"2021-04-12T14:01:29","slug":"author","status":"publish","type":"page","link":"https:\/\/parthenon-marbles.com\/de\/author\/","title":{"rendered":"Author"},"content":{"rendered":"<div class=\"wpb-content-wrapper\"><p>[vc_row full_width=&#8220;stretch_row_content_no_spaces&#8220; css=&#8220;.vc_custom_1592305791450{background-image: url(http:\/\/parthenon-marbles.com\/wp-content\/uploads\/2020\/06\/man.png?id=16) !important;}&#8220; el_id=&#8220;authorsec&#8220;][vc_column][vc_row_inner el_class=&#8220;container&#8220; el_id=&#8220;suthor&#8220;][vc_column_inner el_class=&#8220;vc_col-sm-push-6&#8243; width=&#8220;1\/2&#8243;][vc_single_image image=&#8220;139&#8243; img_size=&#8220;full&#8220; alignment=&#8220;center&#8220;][\/vc_column_inner][vc_column_inner el_class=&#8220;vc_col-sm-pull-6&#8243; width=&#8220;1\/2&#8243;][vc_column_text]Diese Seite ist meinen griechisch-persischen Kindern Elena und George gewidmet. Als Perser hatte ich immer eine besondere Wertsch\u00e4tzung f\u00fcr das Recht der Altert\u00fcmer und Nationen auf ihr Erbe in ihrem eigenen Land. Ich glaube auch, dass die Menschen die wahren Tatsachen kennen m\u00fcssen, bevor sie ein legitimes Argument f\u00fcr die R\u00fcckkehr der Parthenon-Murmeln vorbringen k\u00f6nnen. Zu diesem Zweck habe ich 3 Jahre lang mein Buch recherchiert und fertiggestellt, das ich selbst ver\u00f6ffentlicht und finanziert habe. Heute freue ich mich sehr zu wissen, dass mein Buch in vielen Schulen verwendet wird, um \u00fcber die Parthenon-Murmeln und Lord Elgin zu unterrichten.[\/vc_column_text][\/vc_column_inner][\/vc_row_inner][vc_row_inner content_placement=&#8220;middle&#8220; gap=&#8220;35&#8243; el_class=&#8220;container&#8220; el_id=&#8220;book&#8220;][vc_column_inner width=&#8220;1\/3&#8243;][vc_single_image image=&#8220;544&#8243; img_size=&#8220;full&#8220; alignment=&#8220;center&#8220;][\/vc_column_inner][vc_column_inner width=&#8220;2\/3&#8243;][vc_column_text]Nach einer \u00fcberw\u00e4ltigenden Nachfrage von Lehrern und Schulen aus der ganzen Welt und da es nie um Gewinn ging, beschloss ich, mein Buch kostenlos online verf\u00fcgbar zu machen.<\/p>\n<p>Ich m\u00f6chte meiner Frau f\u00fcr die griechische \u00dcbersetzung danken und w\u00e4re jedem sehr dankbar, der bei \u00dcbersetzungen in andere Sprachen helfen kann. Ich m\u00f6chte auch dem verstorbenen Herrn Jules Dassin, Frau Eleni Korka und Herrn Nghia Pham meinen Dank aussprechen.<\/p>\n<p>Ich konnte meine Liebe zu Griechen und Griechenland, die der Welt und mir pers\u00f6nlich eine wundervolle Frau, Tochter, Sohn und Existenzgrundlage gegeben haben, niemals verbergen.[\/vc_column_text][\/vc_column_inner][\/vc_row_inner][\/vc_column][\/vc_row]<\/p>\n<\/div>","protected":false},"excerpt":{"rendered":"<p>[vc_row full_width=&#8220;stretch_row_content_no_spaces&#8220; css=&#8220;.vc_custom_1592305791450{background-image: url(http:\/\/parthenon-marbles.com\/wp-content\/uploads\/2020\/06\/man.png?id=16) !important;}&#8220; el_id=&#8220;authorsec&#8220;][vc_column][vc_row_inner el_class=&#8220;container&#8220; el_id=&#8220;suthor&#8220;][vc_column_inner el_class=&#8220;vc_col-sm-push-6&#8243; width=&#8220;1\/2&#8243;][vc_single_image image=&#8220;139&#8243; img_size=&#8220;full&#8220; alignment=&#8220;center&#8220;][\/vc_column_inner][vc_column_inner el_class=&#8220;vc_col-sm-pull-6&#8243; width=&#8220;1\/2&#8243;][vc_column_text]Diese Seite ist meinen griechisch-persischen Kindern Elena und George gewidmet. Als Perser hatte ich immer eine besondere Wertsch\u00e4tzung f\u00fcr das Recht der Altert\u00fcmer und Nationen auf ihr Erbe in ihrem eigenen Land. Ich glaube auch, dass die Menschen die wahren Tatsachen&hellip;<\/p>\n","protected":false},"author":1,"featured_media":0,"parent":0,"menu_order":0,"comment_status":"closed","ping_status":"closed","template":"","meta":{"footnotes":""},"class_list":["post-119","page","type-page","status-publish","hentry","description-off"],"yoast_head":"<!-- This site is optimized with the Yoast SEO plugin v24.4 - https:\/\/yoast.com\/wordpress\/plugins\/seo\/ -->\n<title>Author - Parthenon Marbles<\/title>\n<meta name=\"robots\" content=\"index, follow, max-snippet:-1, max-image-preview:large, max-video-preview:-1\" \/>\n<link rel=\"canonical\" href=\"https:\/\/parthenon-marbles.com\/de\/author\/\" \/>\n<meta property=\"og:locale\" content=\"de_DE\" \/>\n<meta property=\"og:locale:alternate\" content=\"en_US\" \/>\n<meta property=\"og:locale:alternate\" content=\"el\" \/>\n<meta property=\"og:type\" content=\"article\" \/>\n<meta property=\"og:title\" content=\"Author\" \/>\n<meta property=\"og:description\" content=\"[vc_row full_width=&#8220;stretch_row_content_no_spaces&#8220; css=&#8220;.vc_custom_1592305791450{background-image: url(http:\/\/parthenon-marbles.com\/wp-content\/uploads\/2020\/06\/man.png?id=16) !important;}&#8220; el_id=&#8220;authorsec&#8220;][vc_column][vc_row_inner el_class=&#8220;container&#8220; el_id=&#8220;suthor&#8220;][vc_column_inner el_class=&#8220;vc_col-sm-push-6&#8243; width=&#8220;1\/2&#8243;][vc_single_image image=&#8220;139&#8243; img_size=&#8220;full&#8220; alignment=&#8220;center&#8220;][\/vc_column_inner][vc_column_inner el_class=&#8220;vc_col-sm-pull-6&#8243; width=&#8220;1\/2&#8243;][vc_column_text]Diese Seite ist meinen griechisch-persischen Kindern Elena und George gewidmet. Als Perser hatte ich immer eine besondere Wertsch\u00e4tzung f\u00fcr das Recht der Altert\u00fcmer und Nationen auf ihr Erbe in ihrem eigenen Land. Ich glaube auch, dass die Menschen die wahren Tatsachen&hellip;\" \/>\n<meta property=\"og:url\" content=\"https:\/\/parthenon-marbles.com\/de\/author\/\" \/>\n<meta property=\"og:site_name\" content=\"Parthenon Marbles\" \/>\n<meta property=\"article:modified_time\" content=\"2021-04-12T14:01:29+00:00\" \/>\n<meta name=\"twitter:card\" content=\"summary_large_image\" \/>\n<meta name=\"twitter:label1\" content=\"Gesch\u00e4tzte Lesezeit\" \/>\n\t<meta name=\"twitter:data1\" content=\"4\u00a0Minuten\" \/>\n<script type=\"application\/ld+json\" class=\"yoast-schema-graph\">{\"@context\":\"https:\/\/schema.org\",\"@graph\":[{\"@type\":\"WebPage\",\"@id\":\"https:\/\/parthenon-marbles.com\/author\/\",\"url\":\"https:\/\/parthenon-marbles.com\/author\/\",\"name\":\"Author\",\"isPartOf\":{\"@id\":\"https:\/\/parthenon-marbles.com\/#website\"},\"datePublished\":\"2020-06-15T13:40:15+00:00\",\"dateModified\":\"2021-04-12T14:01:29+00:00\",\"breadcrumb\":{\"@id\":\"https:\/\/parthenon-marbles.com\/author\/#breadcrumb\"},\"inLanguage\":\"de\",\"potentialAction\":[{\"@type\":\"ReadAction\",\"target\":[\"https:\/\/parthenon-marbles.com\/author\/\"]}]},{\"@type\":\"BreadcrumbList\",\"@id\":\"https:\/\/parthenon-marbles.com\/author\/#breadcrumb\",\"itemListElement\":[{\"@type\":\"ListItem\",\"position\":1,\"name\":\"Startseite\",\"item\":\"https:\/\/parthenon-marbles.com\/\"},{\"@type\":\"ListItem\",\"position\":2,\"name\":\"Author\"}]},{\"@type\":\"WebSite\",\"@id\":\"https:\/\/parthenon-marbles.com\/#website\",\"url\":\"https:\/\/parthenon-marbles.com\/\",\"name\":\"Parthenon Marbles\",\"description\":\"History & Book\",\"potentialAction\":[{\"@type\":\"SearchAction\",\"target\":{\"@type\":\"EntryPoint\",\"urlTemplate\":\"https:\/\/parthenon-marbles.com\/?s={search_term_string}\"},\"query-input\":{\"@type\":\"PropertyValueSpecification\",\"valueRequired\":true,\"valueName\":\"search_term_string\"}}],\"inLanguage\":\"de\"}]}<\/script>\n<!-- \/ Yoast SEO plugin. -->","yoast_head_json":{"title":"Author - Parthenon Marbles","robots":{"index":"index","follow":"follow","max-snippet":"max-snippet:-1","max-image-preview":"max-image-preview:large","max-video-preview":"max-video-preview:-1"},"canonical":"https:\/\/parthenon-marbles.com\/de\/author\/","og_locale":"de_DE","og_type":"article","og_title":"[:en]Author[:el]\u03a3\u03c5\u03b3\u03b3\u03c1\u03b1\u03c6\u03ad\u03b1\u03c2[:de]Author[:] - Parthenon Marbles","og_description":"[vc_row full_width=&#8220;stretch_row_content_no_spaces&#8220; css=&#8220;.vc_custom_1592305791450{background-image: url(http:\/\/parthenon-marbles.com\/wp-content\/uploads\/2020\/06\/man.png?id=16) !important;}&#8220; el_id=&#8220;authorsec&#8220;][vc_column][vc_row_inner el_class=&#8220;container&#8220; el_id=&#8220;suthor&#8220;][vc_column_inner el_class=&#8220;vc_col-sm-push-6&#8243; width=&#8220;1\/2&#8243;][vc_single_image image=&#8220;139&#8243; img_size=&#8220;full&#8220; alignment=&#8220;center&#8220;][\/vc_column_inner][vc_column_inner el_class=&#8220;vc_col-sm-pull-6&#8243; width=&#8220;1\/2&#8243;][vc_column_text]Diese Seite ist meinen griechisch-persischen Kindern Elena und George gewidmet. Als Perser hatte ich immer eine besondere Wertsch\u00e4tzung f\u00fcr das Recht der Altert\u00fcmer und Nationen auf ihr Erbe in ihrem eigenen Land. Ich glaube auch, dass die Menschen die wahren Tatsachen&hellip;","og_url":"https:\/\/parthenon-marbles.com\/de\/author\/","og_site_name":"Parthenon Marbles","article_modified_time":"2021-04-12T14:01:29+00:00","twitter_card":"summary_large_image","twitter_misc":{"Gesch\u00e4tzte Lesezeit":"4\u00a0Minuten"},"schema":{"@context":"https:\/\/schema.org","@graph":[{"@type":"WebPage","@id":"https:\/\/parthenon-marbles.com\/author\/","url":"https:\/\/parthenon-marbles.com\/author\/","name":"Author","isPartOf":{"@id":"https:\/\/parthenon-marbles.com\/#website"},"datePublished":"2020-06-15T13:40:15+00:00","dateModified":"2021-04-12T14:01:29+00:00","breadcrumb":{"@id":"https:\/\/parthenon-marbles.com\/author\/#breadcrumb"},"inLanguage":"de","potentialAction":[{"@type":"ReadAction","target":["https:\/\/parthenon-marbles.com\/author\/"]}]},{"@type":"BreadcrumbList","@id":"https:\/\/parthenon-marbles.com\/author\/#breadcrumb","itemListElement":[{"@type":"ListItem","position":1,"name":"Startseite","item":"https:\/\/parthenon-marbles.com\/"},{"@type":"ListItem","position":2,"name":"Author"}]},{"@type":"WebSite","@id":"https:\/\/parthenon-marbles.com\/#website","url":"https:\/\/parthenon-marbles.com\/","name":"Parthenon Marbles","description":"History & Book","potentialAction":[{"@type":"SearchAction","target":{"@type":"EntryPoint","urlTemplate":"https:\/\/parthenon-marbles.com\/?s={search_term_string}"},"query-input":{"@type":"PropertyValueSpecification","valueRequired":true,"valueName":"search_term_string"}}],"inLanguage":"de"}]}},"_links":{"self":[{"href":"https:\/\/parthenon-marbles.com\/de\/wp-json\/wp\/v2\/pages\/119","targetHints":{"allow":["GET"]}}],"collection":[{"href":"https:\/\/parthenon-marbles.com\/de\/wp-json\/wp\/v2\/pages"}],"about":[{"href":"https:\/\/parthenon-marbles.com\/de\/wp-json\/wp\/v2\/types\/page"}],"author":[{"embeddable":true,"href":"https:\/\/parthenon-marbles.com\/de\/wp-json\/wp\/v2\/users\/1"}],"replies":[{"embeddable":true,"href":"https:\/\/parthenon-marbles.com\/de\/wp-json\/wp\/v2\/comments?post=119"}],"version-history":[{"count":0,"href":"https:\/\/parthenon-marbles.com\/de\/wp-json\/wp\/v2\/pages\/119\/revisions"}],"wp:attachment":[{"href":"https:\/\/parthenon-marbles.com\/de\/wp-json\/wp\/v2\/media?parent=119"}],"curies":[{"name":"wp","href":"https:\/\/api.w.org\/{rel}","templated":true}]}}